{"id":4739,"date":"2024-11-10T13:26:04","date_gmt":"2024-11-10T13:26:04","guid":{"rendered":"https:\/\/villa-sunce-funtana.com\/?page_id=4739"},"modified":"2024-12-28T21:58:43","modified_gmt":"2024-12-28T21:58:43","slug":"sightseeing","status":"publish","type":"page","link":"https:\/\/villa-sunce-funtana.com\/?page_id=4739","title":{"rendered":"Sightseeing"},"content":{"rendered":"\t\t<div data-elementor-type=\"wp-page\" data-elementor-id=\"4739\" class=\"elementor elementor-4739\">\n\t\t\t\t\t\t<section class=\"elementor-section elementor-top-section elementor-element elementor-element-3b8e4e34 elementor-section-full_width elementor-section-height-min-height elementor-section-height-default elementor-section-items-middle wpr-particle-no wpr-jarallax-no wpr-parallax-no wpr-sticky-section-no wpr-column-slider-no wpr-equal-height-no\" data-id=\"3b8e4e34\" data-element_type=\"section\" data-e-type=\"section\" data-settings=\"{&quot;background_background&quot;:&quot;classic&quot;}\">\n\t\t\t\t\t\t<div class=\"elementor-container elementor-column-gap-default\">\n\t\t\t\t\t<div class=\"elementor-column elementor-col-100 elementor-top-column elementor-element elementor-element-5e27c79\" data-id=\"5e27c79\" data-element_type=\"column\" data-e-type=\"column\">\n\t\t\t<div class=\"elementor-widget-wrap\">\n\t\t\t\t\t\t\t<\/div>\n\t\t<\/div>\n\t\t\t\t\t<\/div>\n\t\t<\/section>\n\t\t\t\t<section class=\"elementor-section elementor-top-section elementor-element elementor-element-d25fb79 elementor-section-full_width elementor-section-height-min-height elementor-section-height-default elementor-section-items-middle wpr-particle-no wpr-jarallax-no wpr-parallax-no wpr-sticky-section-no wpr-column-slider-no wpr-equal-height-no\" data-id=\"d25fb79\" data-element_type=\"section\" data-e-type=\"section\">\n\t\t\t\t\t\t<div class=\"elementor-container elementor-column-gap-default\">\n\t\t\t\t\t<div class=\"elementor-column elementor-col-100 elementor-top-column elementor-element elementor-element-6b357ee7\" data-id=\"6b357ee7\" data-element_type=\"column\" data-e-type=\"column\">\n\t\t\t<div class=\"elementor-widget-wrap elementor-element-populated\">\n\t\t\t\t\t\t<section class=\"elementor-section elementor-inner-section elementor-element elementor-element-31e8816c elementor-section-boxed elementor-section-height-default elementor-section-height-default wpr-particle-no wpr-jarallax-no wpr-parallax-no wpr-sticky-section-no wpr-column-slider-no wpr-equal-height-no\" data-id=\"31e8816c\" data-element_type=\"section\" data-e-type=\"section\">\n\t\t\t\t\t\t<div class=\"elementor-container elementor-column-gap-default\">\n\t\t\t\t\t<div class=\"elementor-column elementor-col-33 elementor-inner-column elementor-element elementor-element-25d661bc\" data-id=\"25d661bc\" data-element_type=\"column\" data-e-type=\"column\">\n\t\t\t<div class=\"elementor-widget-wrap elementor-element-populated\">\n\t\t\t\t\t\t<div class=\"elementor-element elementor-element-214a217 ekit-equal-height-enable elementor-widget elementor-widget-elementskit-image-box\" data-id=\"214a217\" data-element_type=\"widget\" data-e-type=\"widget\" data-widget_type=\"elementskit-image-box.default\">\n\t\t\t\t<div class=\"elementor-widget-container\">\n\t\t\t\t\t<div class=\"ekit-wid-con\" >\n            <div class=\"elementskit-info-image-box ekit-image-box text-center simple-card\" >\n\n                \n                <div class=\"elementskit-box-header image-box-img-center\">\n\n                    <img fetchpriority=\"high\" decoding=\"async\" width=\"1024\" height=\"682\" src=\"https:\/\/villa-sunce-funtana.com\/wp-content\/uploads\/2024\/11\/1533650116_6977.jpg\" class=\"attachment-full size-full wp-image-4949\" alt=\"\" srcset=\"https:\/\/villa-sunce-funtana.com\/wp-content\/uploads\/2024\/11\/1533650116_6977.jpg 1024w, https:\/\/villa-sunce-funtana.com\/wp-content\/uploads\/2024\/11\/1533650116_6977-300x200.jpg 300w, https:\/\/villa-sunce-funtana.com\/wp-content\/uploads\/2024\/11\/1533650116_6977-768x512.jpg 768w, https:\/\/villa-sunce-funtana.com\/wp-content\/uploads\/2024\/11\/1533650116_6977-450x300.jpg 450w, https:\/\/villa-sunce-funtana.com\/wp-content\/uploads\/2024\/11\/1533650116_6977-120x80.jpg 120w, https:\/\/villa-sunce-funtana.com\/wp-content\/uploads\/2024\/11\/1533650116_6977-751x500.jpg 751w, https:\/\/villa-sunce-funtana.com\/wp-content\/uploads\/2024\/11\/1533650116_6977-600x400.jpg 600w\" sizes=\"(max-width: 1024px) 100vw, 1024px\" \/>\n                <\/div>\n                \n                <div class=\"elementskit-box-body ekit-image-box-body\">\n                    <div class=\"elementskit-box-content ekit-image-box-body-inner\">\n                                                <h3 class=\"elementskit-info-box-title\">\n\n                        Pfarrkirche St. Bernhard\n                        \n                    <\/h3>\n                                                            <div class=\"elementskit-box-style-content\">\n                        Eine Kirche aus dem 17. Jahrhundert mit einem 34 Meter hohen Glockenturm und einem wundersch\u00f6nen \u00d6lgem\u00e4lde der Madonna mit Kind                    <\/div>\n                                    <\/div>\n\n                                <div class=\"elementskit-box-footer\">\n                    <div class=\"box-footer\">\n                        <div class=\"btn-wraper\">\n                                                            <a href=\"https:\/\/funtana.com\/explore-funtana\/funtanas-sights\/\" target=\"_blank\" class=\"elementskit-btn whitespace--normal\">\n                                    \n                                    \n                                    Erfahren Sie mehr                                <\/a>\n                                                        <\/div>\n                    <\/div>\n                <\/div>\n                            <\/div>\n            <\/div>\n    <\/div>\t\t\t\t<\/div>\n\t\t\t\t<\/div>\n\t\t\t\t\t<\/div>\n\t\t<\/div>\n\t\t\t\t<div class=\"elementor-column elementor-col-33 elementor-inner-column elementor-element elementor-element-5863013f\" data-id=\"5863013f\" data-element_type=\"column\" data-e-type=\"column\">\n\t\t\t<div class=\"elementor-widget-wrap elementor-element-populated\">\n\t\t\t\t\t\t<div class=\"elementor-element elementor-element-532f34c1 ekit-equal-height-enable elementor-widget elementor-widget-elementskit-image-box\" data-id=\"532f34c1\" data-element_type=\"widget\" data-e-type=\"widget\" data-widget_type=\"elementskit-image-box.default\">\n\t\t\t\t<div class=\"elementor-widget-container\">\n\t\t\t\t\t<div class=\"ekit-wid-con\" >\n            <div class=\"elementskit-info-image-box ekit-image-box text-center simple-card\" >\n\n                \n                <div class=\"elementskit-box-header image-box-img-center\">\n\n                    <img decoding=\"async\" width=\"1920\" height=\"1280\" src=\"https:\/\/villa-sunce-funtana.com\/wp-content\/uploads\/2024\/11\/1528195051_2647.jpg\" class=\"attachment-full size-full wp-image-4950\" alt=\"\" srcset=\"https:\/\/villa-sunce-funtana.com\/wp-content\/uploads\/2024\/11\/1528195051_2647.jpg 1920w, https:\/\/villa-sunce-funtana.com\/wp-content\/uploads\/2024\/11\/1528195051_2647-300x200.jpg 300w, https:\/\/villa-sunce-funtana.com\/wp-content\/uploads\/2024\/11\/1528195051_2647-1024x683.jpg 1024w, https:\/\/villa-sunce-funtana.com\/wp-content\/uploads\/2024\/11\/1528195051_2647-768x512.jpg 768w, https:\/\/villa-sunce-funtana.com\/wp-content\/uploads\/2024\/11\/1528195051_2647-1536x1024.jpg 1536w, https:\/\/villa-sunce-funtana.com\/wp-content\/uploads\/2024\/11\/1528195051_2647-450x300.jpg 450w, https:\/\/villa-sunce-funtana.com\/wp-content\/uploads\/2024\/11\/1528195051_2647-1140x760.jpg 1140w, https:\/\/villa-sunce-funtana.com\/wp-content\/uploads\/2024\/11\/1528195051_2647-120x80.jpg 120w, https:\/\/villa-sunce-funtana.com\/wp-content\/uploads\/2024\/11\/1528195051_2647-750x500.jpg 750w, https:\/\/villa-sunce-funtana.com\/wp-content\/uploads\/2024\/11\/1528195051_2647-600x400.jpg 600w\" sizes=\"(max-width: 1920px) 100vw, 1920px\" \/>\n                <\/div>\n                \n                <div class=\"elementskit-box-body ekit-image-box-body\">\n                    <div class=\"elementskit-box-content ekit-image-box-body-inner\">\n                                                <h3 class=\"elementskit-info-box-title\">\n\n                        Burg Funtana (Befestigung)\n                        \n                    <\/h3>\n                                                            <div class=\"elementskit-box-style-content\">\n                        Ein Renaissanceschloss aus dem 17. Jahrhundert, das erste Geb\u00e4ude in Funtana                    <\/div>\n                                    <\/div>\n\n                                <div class=\"elementskit-box-footer\">\n                    <div class=\"box-footer\">\n                        <div class=\"btn-wraper\">\n                                                            <a href=\"https:\/\/www.tripadvisor.com\/Restaurant_Review-g608706-d4579439-Reviews-Restoran_Ideal-Funtana_Istria.html\" target=\"_blank\" class=\"elementskit-btn whitespace--normal\">\n                                    \n                                    \n                                    Erfahren Sie mehr                                <\/a>\n                                                        <\/div>\n                    <\/div>\n                <\/div>\n                            <\/div>\n            <\/div>\n    <\/div>\t\t\t\t<\/div>\n\t\t\t\t<\/div>\n\t\t\t\t\t<\/div>\n\t\t<\/div>\n\t\t\t\t<div class=\"elementor-column elementor-col-33 elementor-inner-column elementor-element elementor-element-119bf1ad\" data-id=\"119bf1ad\" data-element_type=\"column\" data-e-type=\"column\">\n\t\t\t<div class=\"elementor-widget-wrap elementor-element-populated\">\n\t\t\t\t\t\t<div class=\"elementor-element elementor-element-5f28ed28 ekit-equal-height-enable elementor-widget elementor-widget-elementskit-image-box\" data-id=\"5f28ed28\" data-element_type=\"widget\" data-e-type=\"widget\" data-widget_type=\"elementskit-image-box.default\">\n\t\t\t\t<div class=\"elementor-widget-container\">\n\t\t\t\t\t<div class=\"ekit-wid-con\" >\n            <div class=\"elementskit-info-image-box ekit-image-box text-center simple-card\" >\n\n                \n                <div class=\"elementskit-box-header image-box-img-center\">\n\n                    <img decoding=\"async\" width=\"1920\" height=\"1280\" src=\"https:\/\/villa-sunce-funtana.com\/wp-content\/uploads\/2024\/11\/CRKVICA-SV.LUCIJE-2.jpg\" class=\"attachment-full size-full wp-image-4951\" alt=\"\" srcset=\"https:\/\/villa-sunce-funtana.com\/wp-content\/uploads\/2024\/11\/CRKVICA-SV.LUCIJE-2.jpg 1920w, https:\/\/villa-sunce-funtana.com\/wp-content\/uploads\/2024\/11\/CRKVICA-SV.LUCIJE-2-300x200.jpg 300w, https:\/\/villa-sunce-funtana.com\/wp-content\/uploads\/2024\/11\/CRKVICA-SV.LUCIJE-2-1024x683.jpg 1024w, https:\/\/villa-sunce-funtana.com\/wp-content\/uploads\/2024\/11\/CRKVICA-SV.LUCIJE-2-768x512.jpg 768w, https:\/\/villa-sunce-funtana.com\/wp-content\/uploads\/2024\/11\/CRKVICA-SV.LUCIJE-2-1536x1024.jpg 1536w, https:\/\/villa-sunce-funtana.com\/wp-content\/uploads\/2024\/11\/CRKVICA-SV.LUCIJE-2-450x300.jpg 450w, https:\/\/villa-sunce-funtana.com\/wp-content\/uploads\/2024\/11\/CRKVICA-SV.LUCIJE-2-1140x760.jpg 1140w, https:\/\/villa-sunce-funtana.com\/wp-content\/uploads\/2024\/11\/CRKVICA-SV.LUCIJE-2-120x80.jpg 120w, https:\/\/villa-sunce-funtana.com\/wp-content\/uploads\/2024\/11\/CRKVICA-SV.LUCIJE-2-750x500.jpg 750w, https:\/\/villa-sunce-funtana.com\/wp-content\/uploads\/2024\/11\/CRKVICA-SV.LUCIJE-2-600x400.jpg 600w\" sizes=\"(max-width: 1920px) 100vw, 1920px\" \/>\n                <\/div>\n                \n                <div class=\"elementskit-box-body ekit-image-box-body\">\n                    <div class=\"elementskit-box-content ekit-image-box-body-inner\">\n                                                <h3 class=\"elementskit-info-box-title\">\n\n                        Kirche St. Lucia\n                        \n                    <\/h3>\n                                                            <div class=\"elementskit-box-style-content\">\n                        Eine Privatkirche aus dem Jahr 1750 an der Hauptstra\u00dfe, die sich durch ihre Einfachheit auszeichnet                    <\/div>\n                                    <\/div>\n\n                                <div class=\"elementskit-box-footer\">\n                    <div class=\"box-footer\">\n                        <div class=\"btn-wraper\">\n                                                            <a href=\"https:\/\/funtana.com\/explore-funtana\/funtanas-sights\/\" target=\"_blank\" class=\"elementskit-btn whitespace--normal\">\n                                    \n                                    \n                                    Erfahren Sie mehr                                <\/a>\n                                                        <\/div>\n                    <\/div>\n                <\/div>\n                            <\/div>\n            <\/div>\n    <\/div>\t\t\t\t<\/div>\n\t\t\t\t<\/div>\n\t\t\t\t\t<\/div>\n\t\t<\/div>\n\t\t\t\t\t<\/div>\n\t\t<\/section>\n\t\t\t\t<section class=\"elementor-section elementor-inner-section elementor-element elementor-element-e46c5d5 elementor-section-boxed elementor-section-height-default elementor-section-height-default wpr-particle-no wpr-jarallax-no wpr-parallax-no wpr-sticky-section-no wpr-column-slider-no wpr-equal-height-no\" data-id=\"e46c5d5\" data-element_type=\"section\" data-e-type=\"section\">\n\t\t\t\t\t\t<div class=\"elementor-container elementor-column-gap-default\">\n\t\t\t\t\t<div class=\"elementor-column elementor-col-33 elementor-inner-column elementor-element elementor-element-5454bf60\" data-id=\"5454bf60\" data-element_type=\"column\" data-e-type=\"column\">\n\t\t\t<div class=\"elementor-widget-wrap elementor-element-populated\">\n\t\t\t\t\t\t<div class=\"elementor-element elementor-element-ff78c94 ekit-equal-height-disable elementor-widget elementor-widget-elementskit-image-box\" data-id=\"ff78c94\" data-element_type=\"widget\" data-e-type=\"widget\" data-widget_type=\"elementskit-image-box.default\">\n\t\t\t\t<div class=\"elementor-widget-container\">\n\t\t\t\t\t<div class=\"ekit-wid-con\" >\n            <div class=\"elementskit-info-image-box ekit-image-box text-center simple-card\" >\n\n                \n                <div class=\"elementskit-box-header image-box-img-center\">\n\n                    <img loading=\"lazy\" decoding=\"async\" width=\"1920\" height=\"1280\" src=\"https:\/\/villa-sunce-funtana.com\/wp-content\/uploads\/2024\/11\/CRKVICA-BLAZENE-DJEVICE-MARIJE-OD-MILOSRDA-2.jpg\" class=\"attachment-full size-full wp-image-4952\" alt=\"\" srcset=\"https:\/\/villa-sunce-funtana.com\/wp-content\/uploads\/2024\/11\/CRKVICA-BLAZENE-DJEVICE-MARIJE-OD-MILOSRDA-2.jpg 1920w, https:\/\/villa-sunce-funtana.com\/wp-content\/uploads\/2024\/11\/CRKVICA-BLAZENE-DJEVICE-MARIJE-OD-MILOSRDA-2-300x200.jpg 300w, https:\/\/villa-sunce-funtana.com\/wp-content\/uploads\/2024\/11\/CRKVICA-BLAZENE-DJEVICE-MARIJE-OD-MILOSRDA-2-1024x683.jpg 1024w, https:\/\/villa-sunce-funtana.com\/wp-content\/uploads\/2024\/11\/CRKVICA-BLAZENE-DJEVICE-MARIJE-OD-MILOSRDA-2-768x512.jpg 768w, https:\/\/villa-sunce-funtana.com\/wp-content\/uploads\/2024\/11\/CRKVICA-BLAZENE-DJEVICE-MARIJE-OD-MILOSRDA-2-1536x1024.jpg 1536w, https:\/\/villa-sunce-funtana.com\/wp-content\/uploads\/2024\/11\/CRKVICA-BLAZENE-DJEVICE-MARIJE-OD-MILOSRDA-2-450x300.jpg 450w, https:\/\/villa-sunce-funtana.com\/wp-content\/uploads\/2024\/11\/CRKVICA-BLAZENE-DJEVICE-MARIJE-OD-MILOSRDA-2-1140x760.jpg 1140w, https:\/\/villa-sunce-funtana.com\/wp-content\/uploads\/2024\/11\/CRKVICA-BLAZENE-DJEVICE-MARIJE-OD-MILOSRDA-2-120x80.jpg 120w, https:\/\/villa-sunce-funtana.com\/wp-content\/uploads\/2024\/11\/CRKVICA-BLAZENE-DJEVICE-MARIJE-OD-MILOSRDA-2-750x500.jpg 750w, https:\/\/villa-sunce-funtana.com\/wp-content\/uploads\/2024\/11\/CRKVICA-BLAZENE-DJEVICE-MARIJE-OD-MILOSRDA-2-600x400.jpg 600w\" sizes=\"(max-width: 1920px) 100vw, 1920px\" \/>\n                <\/div>\n                \n                <div class=\"elementskit-box-body ekit-image-box-body\">\n                    <div class=\"elementskit-box-content ekit-image-box-body-inner\">\n                                                <h3 class=\"elementskit-info-box-title\">\n\n                        Kirche der Heiligen Jungfrau Maria der Barmherzigkeit\n                        \n                    <\/h3>\n                                                            <div class=\"elementskit-box-style-content\">\n                        Eine \u00fcber tausend Jahre alte romanische Kirche, die Ende der 1990er Jahre restauriert wurde                    <\/div>\n                                    <\/div>\n\n                                <div class=\"elementskit-box-footer\">\n                    <div class=\"box-footer\">\n                        <div class=\"btn-wraper\">\n                                                            <a href=\"https:\/\/funtana.com\/explore-funtana\/funtanas-sights\/\" target=\"_blank\" class=\"elementskit-btn whitespace--normal\">\n                                    \n                                    \n                                    Erfahren Sie mehr                                <\/a>\n                                                        <\/div>\n                    <\/div>\n                <\/div>\n                            <\/div>\n            <\/div>\n    <\/div>\t\t\t\t<\/div>\n\t\t\t\t<\/div>\n\t\t\t\t\t<\/div>\n\t\t<\/div>\n\t\t\t\t<div class=\"elementor-column elementor-col-33 elementor-inner-column elementor-element elementor-element-66bc3d2a\" data-id=\"66bc3d2a\" data-element_type=\"column\" data-e-type=\"column\">\n\t\t\t<div class=\"elementor-widget-wrap elementor-element-populated\">\n\t\t\t\t\t\t<div class=\"elementor-element elementor-element-40df245a ekit-equal-height-enable elementor-widget elementor-widget-elementskit-image-box\" data-id=\"40df245a\" data-element_type=\"widget\" data-e-type=\"widget\" data-widget_type=\"elementskit-image-box.default\">\n\t\t\t\t<div class=\"elementor-widget-container\">\n\t\t\t\t\t<div class=\"ekit-wid-con\" >\n            <div class=\"elementskit-info-image-box ekit-image-box text-center simple-card\" >\n\n                \n                <div class=\"elementskit-box-header image-box-img-center\">\n\n                    <img loading=\"lazy\" decoding=\"async\" width=\"1920\" height=\"1302\" src=\"https:\/\/villa-sunce-funtana.com\/wp-content\/uploads\/2024\/11\/Dinopark-Funtana-Park-Map-2024-1-e1731715972891.jpg\" class=\"attachment-full size-full wp-image-4954\" alt=\"\" srcset=\"https:\/\/villa-sunce-funtana.com\/wp-content\/uploads\/2024\/11\/Dinopark-Funtana-Park-Map-2024-1-e1731715972891.jpg 1920w, https:\/\/villa-sunce-funtana.com\/wp-content\/uploads\/2024\/11\/Dinopark-Funtana-Park-Map-2024-1-e1731715972891-300x203.jpg 300w, https:\/\/villa-sunce-funtana.com\/wp-content\/uploads\/2024\/11\/Dinopark-Funtana-Park-Map-2024-1-e1731715972891-1024x694.jpg 1024w, https:\/\/villa-sunce-funtana.com\/wp-content\/uploads\/2024\/11\/Dinopark-Funtana-Park-Map-2024-1-e1731715972891-768x521.jpg 768w, https:\/\/villa-sunce-funtana.com\/wp-content\/uploads\/2024\/11\/Dinopark-Funtana-Park-Map-2024-1-e1731715972891-1536x1042.jpg 1536w, https:\/\/villa-sunce-funtana.com\/wp-content\/uploads\/2024\/11\/Dinopark-Funtana-Park-Map-2024-1-e1731715972891-120x80.jpg 120w, https:\/\/villa-sunce-funtana.com\/wp-content\/uploads\/2024\/11\/Dinopark-Funtana-Park-Map-2024-1-e1731715972891-737x500.jpg 737w, https:\/\/villa-sunce-funtana.com\/wp-content\/uploads\/2024\/11\/Dinopark-Funtana-Park-Map-2024-1-e1731715972891-600x407.jpg 600w\" sizes=\"(max-width: 1920px) 100vw, 1920px\" \/>\n                <\/div>\n                \n                <div class=\"elementskit-box-body ekit-image-box-body\">\n                    <div class=\"elementskit-box-content ekit-image-box-body-inner\">\n                                                <h3 class=\"elementskit-info-box-title\">\n\n                        Dinosaurierpark\n                        \n                    <\/h3>\n                                                            <div class=\"elementskit-box-style-content\">\n                        Ein Vergn\u00fcgungspark mit lebensechten, sich bewegenden Dinosauriern, die Ger\u00e4usche erzeugen, beliebt bei Familien.                    <\/div>\n                                    <\/div>\n\n                                <div class=\"elementskit-box-footer\">\n                    <div class=\"box-footer\">\n                        <div class=\"btn-wraper\">\n                                                            <a href=\"https:\/\/www.all-croatia.com\/Funtana.html\" target=\"_blank\" class=\"elementskit-btn whitespace--normal\">\n                                    \n                                    \n                                    Erfahren Sie mehr                                <\/a>\n                                                        <\/div>\n                    <\/div>\n                <\/div>\n                            <\/div>\n            <\/div>\n    <\/div>\t\t\t\t<\/div>\n\t\t\t\t<\/div>\n\t\t\t\t\t<\/div>\n\t\t<\/div>\n\t\t\t\t<div class=\"elementor-column elementor-col-33 elementor-inner-column elementor-element elementor-element-38b7bd63\" data-id=\"38b7bd63\" data-element_type=\"column\" data-e-type=\"column\">\n\t\t\t<div class=\"elementor-widget-wrap\">\n\t\t\t\t\t\t\t<\/div>\n\t\t<\/div>\n\t\t\t\t\t<\/div>\n\t\t<\/section>\n\t\t\t\t\t<\/div>\n\t\t<\/div>\n\t\t\t\t\t<\/div>\n\t\t<\/section>\n\t\t\t\t<\/div>\n\t\t","protected":false},"excerpt":{"rendered":"<p>Pfarrkirche St. Bernhard Eine Kirche aus dem 17. Jahrhundert mit einem 34 Meter hohen Glockenturm und einem wundersch\u00f6nen \u00d6lgem\u00e4lde der Madonna mit Kind Erfahren Sie mehr Burg Funtana (Befestigung) Ein Renaissanceschloss aus dem 17. Jahrhundert, das erste Geb\u00e4ude in Funtana Erfahren Sie mehr Kirche St. Lucia Eine Privatkirche aus dem Jahr 1750 an der Hauptstra\u00dfe, die sich durch ihre Einfachheit auszeichnet Erfahren Sie mehr Kirche der Heiligen Jungfrau Maria der Barmherzigkeit Eine \u00fcber tausend Jahre alte romanische Kirche, die Ende der 1990er Jahre restauriert wurde Erfahren Sie mehr Dinosaurierpark Ein Vergn\u00fcgungspark mit lebensechten, sich bewegenden Dinosauriern, die Ger\u00e4usche erzeugen, beliebt bei Familien. Erfahren Sie mehr<\/p>\n","protected":false},"author":1,"featured_media":0,"parent":0,"menu_order":0,"comment_status":"closed","ping_status":"closed","template":"elementor_header_footer","meta":{"_eb_attr":"","footnotes":""},"class_list":["post-4739","page","type-page","status-publish","hentry"],"_links":{"self":[{"href":"https:\/\/villa-sunce-funtana.com\/index.php?rest_route=\/wp\/v2\/pages\/4739","targetHints":{"allow":["GET"]}}],"collection":[{"href":"https:\/\/villa-sunce-funtana.com\/index.php?rest_route=\/wp\/v2\/pages"}],"about":[{"href":"https:\/\/villa-sunce-funtana.com\/index.php?rest_route=\/wp\/v2\/types\/page"}],"author":[{"embeddable":true,"href":"https:\/\/villa-sunce-funtana.com\/index.php?rest_route=\/wp\/v2\/users\/1"}],"replies":[{"embeddable":true,"href":"https:\/\/villa-sunce-funtana.com\/index.php?rest_route=%2Fwp%2Fv2%2Fcomments&post=4739"}],"version-history":[{"count":43,"href":"https:\/\/villa-sunce-funtana.com\/index.php?rest_route=\/wp\/v2\/pages\/4739\/revisions"}],"predecessor-version":[{"id":5187,"href":"https:\/\/villa-sunce-funtana.com\/index.php?rest_route=\/wp\/v2\/pages\/4739\/revisions\/5187"}],"wp:attachment":[{"href":"https:\/\/villa-sunce-funtana.com\/index.php?rest_route=%2Fwp%2Fv2%2Fmedia&parent=4739"}],"curies":[{"name":"wp","href":"https:\/\/api.w.org\/{rel}","templated":true}]}}